{"id":143,"date":"2018-08-28T23:53:50","date_gmt":"2018-08-28T23:53:50","guid":{"rendered":"http:\/\/www.dunsgathan.net\/feannog\/wp\/?page_id=143"},"modified":"2022-10-03T15:02:31","modified_gmt":"2022-10-03T19:02:31","slug":"books-academic-papers-and-primary-sources-on-war-goddesses-and-warriors","status":"publish","type":"page","link":"https:\/\/www.dunsgathan.net\/feannog\/books-and-links\/books-academic-papers-and-primary-sources-on-war-goddesses-and-warriors\/","title":{"rendered":"Books, Papers and Primary Sources on War Goddesses and Warriors"},"content":{"rendered":"<p style=\"text-align: center;\"><a href=\"#Literature_\">Irish Literature featuring the War Goddesses<\/a>\u00a0 |\u00a0<a href=\"#Gaelic_Warriors\">Books and Papers on Gaelic and I-E Warriors<\/a>\u00a0 |\u00a0<a href=\"#Fianna\">F\u00edanna in Literature<\/a>\u00a0 |\u00a0<a href=\"#Pagan_Writings\">Pagan Writings<\/a>\u00a0 |\u00a0<a href=\"#Modern\">Cross-cultural\/Modern Warrior<\/a>\u00a0 |\u00a0<a href=\"#Physical_Feminism\">Physical Feminism and Gender Issues<\/a><\/p>\n<p><a href=\"http:\/\/www.dunsgathan.net\/feannog\/\">If you happen to be looking for my own writings on the subject they are listed on the index page<\/a><\/p>\n<h3><span style=\"font-size: 16.94px;\"><i>Preliminary<\/i><\/span><em>\u00a0Reading for those New to Celtic\/Gaelic Reconstructionist Paganism<\/em><\/h3>\n<p style=\"text-align: left;\"><em>A conversation brought up that some finding this page may not have a background in cultural Reconstructionist methods and may be trying to fit this work into Wiccan-style structures and mindsets I highly suggest checking out <a href=\"https:\/\/celticscholar.wordpress.com\/a-study-program-for-an-irish-traditional-polytheist\/\" target=\"_blank\" rel=\"noopener\">A Study Program for An Irish Traditional Polytheist<\/a>, but this is my number 1 <strong>must<\/strong> read here:<\/em><\/p>\n<p><span style=\"font-weight: 400;\">Nerys Patterson, <\/span><i><span style=\"font-weight: 400;\">Cattle Lords &amp; Clansmen: The Social Structure of Early Ireland, <\/span><\/i><span style=\"font-weight: 400;\">Notre Dame, IN: University of Notre Dame, 1994<\/span><\/p>\n<h3 style=\"text-align: left;\"><i>Papers on the War Goddesses<\/i><\/h3>\n<p style=\"text-align: left;\">John Carey, \u201cThe Name \u2018<i>Tuatha D\u00e9 Danann<\/i>\u2019&#8221;<i> \u00c9igse<\/i>, Vol. 18, prt. 2, 1981, pg. 291-94<\/p>\n<p>&#8212;&#8212;, \u201cNotes on the Irish War-Goddess\u201d <i>\u00c9igse<\/i>, Vol. 19, prt. 2, 1983, pg. 263-275<\/p>\n<p style=\"text-align: left;\">Paula Powers Coe,\u00a0<em>&#8220;Macha <\/em>and <em>Conall Cernach: <\/em>A Study of Two Iconographic Patterns in Medieval Irish Narratives and Celtic Art<em>&#8221; <\/em>dissertation, UCLA, 1995<\/p>\n<p style=\"text-align: left;\">Angelique Gulermovich Epstein, <a href=\"https:\/\/archive.org\/details\/WarGoddessTheMorriganAndHerGermanoCelticCounterparts\/mode\/2up\" target=\"_blank\" rel=\"noopener\">&#8220;War goddess: the Morri\u0301gan and her Germano-Celtic counterparts&#8221;<\/a> dissertation, University of California in Los Angeles, 1998<\/p>\n<p style=\"text-align: left;\">Kim Heijda,\u00a0 <a href=\"https:\/\/dspace.library.uu.nl\/handle\/1874\/21638\" target=\"_blank\" rel=\"noopener\">&#8220;War-goddesses, furies and scald crows: The use of the word <i>badb<\/i> in early Irish literature&#8221;<\/a> thesis, University of Utrecht, Feb. 27, 2007 (link updated on 11\/19\/17)<\/p>\n<p style=\"text-align: left;\">WM Hennessey,\u00a0<a href=\"http:\/\/www.archive.org\/details\/revueceltique01gaid\" target=\"_blank\" rel=\"noopener\">&#8220;The Ancient Irish Goddess of War&#8221;<\/a>\u00a0 <em>Revue Celtique<\/em> vol 1. 1870, pg. 32-57 (Please keep in mind the period and the development of research since then)<\/p>\n<h3 style=\"text-align: left;\">Irish <a name=\"Literature_\"><\/a>Literature Featuring the War Goddesses<\/h3>\n<p style=\"text-align: left;\"><i><\/i>J. Fraser, &#8220;The First Battle of Moytura&#8221; <em>(Cath Maige Tuired Cunga<\/em>), <i>\u00c9riu<\/i> 8, 1915 at <a href=\"http:\/\/www.jstor.org\/stable\/30005394\" target=\"_blank\" rel=\"noopener\">JSTOR<\/a> Or in English only on<a href=\"http:\/\/www.maryjones.us\/ctexts\/1maghtured.html\" target=\"_blank\" rel=\"noopener\"> Mary Jones site<\/a><\/p>\n<p style=\"text-align: left;\">Elizabeth Gray, trans., <a href=\"http:\/\/www.sacred-texts.com\/neu\/cmt\/cmteng.htm\" target=\"_blank\" rel=\"noopener\">Cath Maige Tuired: The Second Battle of Mag Tuired\u00a0 English<\/a>, <a href=\"http:\/\/www.ucc.ie\/celt\/published\/G300010\/index.html\" target=\"_blank\" rel=\"noopener\">In Irish<\/a> Irish Text Society<\/p>\n<p style=\"text-align: left;\">Eleanor Hull, ed., <a href=\"http:\/\/www.archive.org\/details\/cuchullinsagain00cuchgoog\" target=\"_blank\" rel=\"noopener\"><i>The Cuchullin Saga in Irish Literature: being a collection of stories relating to the Hero Cuchullin<\/i><\/a>, London: David Nutt on the Strand, 1898<\/p>\n<p style=\"text-align: left;\">A. H. Leahy,\u00a0 <a href=\"http:\/\/www.maryjones.us\/ctexts\/ferb1.html\" target=\"_blank\" rel=\"noopener\"><em>The Courtship of Ferb: An Old Irish Romance Transcribed in the 12<sup>th<\/sup> Century into the Book of Leinster<\/em><\/a> (Tochmarc Ferbe) New York, 1902 (translation only)<\/p>\n<p style=\"text-align: left;\">&#8212;&#8212;-,\u00a0 <a href=\"http:\/\/www.maryjones.us\/ctexts\/regamna.html\" target=\"_blank\" rel=\"noopener\"><i>T\u00e1in B\u00f3 Regamna<\/i> English<\/a>,\u00a0 <a href=\"http:\/\/www.ucc.ie\/celt\/online\/G301005.html\" target=\"_blank\" rel=\"noopener\">In Irish<\/a> Leahy, ed. <i>Heroic Romances of Ireland<\/i>, Volume II London: David Nutt, 1906<\/p>\n<p style=\"text-align: left;\">Robert A. Stewart MacAlister, ed. and trans., <a href=\"http:\/\/www.archive.org\/details\/leborgablare04macauoft\" target=\"_blank\" rel=\"noopener\"><i>Lebor Gab\u00e1la \u00c9renn<\/i>: The Book of the Taking of Ireland Vol IV<\/a> Dublin: Irish Text Society, 1941<\/p>\n<p style=\"text-align: left;\">Kuno Meyer,\u00a0 trans. <a href=\"http:\/\/www.ucc.ie\/celt\/online\/T301021\/index.html\" target=\"_blank\" rel=\"noopener\">\u2018The Wooing of Emer\u2019<\/a>\u00a0 <a href=\"http:\/\/www.ucc.ie\/celt\/published\/G301021\/index.html\">\u201c<i>Tochmarc Emire<\/i>\u201d<\/a>\u00a0 <i>Archaeological Review<\/i> 1, 1888<\/p>\n<p>&#8212;&#8212;, trans.\u00a0 <a href=\"http:\/\/www.ucc.ie\/academic\/smg\/CDI\/texthtml\/echtranerai.html\" target=\"_blank\" rel=\"noopener\"><i>Echtrae Nerai<\/i> (The Adventure of Nera)<\/a> <i>Revue celtique<\/i> 10 (1889), pg. 212-228<\/p>\n<p style=\"text-align: left;\">Cecile O&#8217;Rahilly, trans.,\u00a0<a href=\"http:\/\/www.ucc.ie\/celt\/published\/T301035\/index.html\" target=\"_blank\" rel=\"noopener\"><i>T\u00e1in B\u00f3 C\u00faalnge<\/i> Book of Leinster English<\/a>, <a href=\"http:\/\/www.ucc.ie\/celt\/published\/T301035\/index.html\" target=\"_blank\" rel=\"noopener\">In Irish<\/a> 1967<\/p>\n<p style=\"text-align: left;\">&#8212;&#8212;&#8211;, trans.,\u00a0<a href=\"http:\/\/www.ucc.ie\/celt\/published\/T301012\/index.html\" target=\"_blank\" rel=\"noopener\"><i>T\u00e1in B\u00f3 C\u00faalnge<\/i>, Recession 1 English<\/a>, <a href=\"http:\/\/www.ucc.ie\/celt\/published\/G301012\/index.html\" target=\"_blank\" rel=\"noopener\">In Irish<\/a>\u00a0 Dublin: Dublin Institute for Advanced Studies, 1976<\/p>\n<p style=\"text-align: left;\">AG van Hamel <a href=\"http:\/\/www.archive.org\/details\/compertconculain03hame\" target=\"_blank\" rel=\"noopener\"><i>Compert Con Culainn and Other Stories, Medieval and Modern Irish Series<\/i><\/a>, Vol 3, Dublin: Dublin Institute for Advanced Studies, 1933<\/p>\n<h3 style=\"text-align: left;\"><i>Books and Papers Related to <a name=\"Gaelic_Warriors\"><\/a>Gaelic and other Indo-European Warriors<\/i><\/h3>\n<p style=\"text-align: left;\">David Anthony and Dorcas Brown, \u201c<a href=\"https:\/\/www.academia.edu\/2763478\/Midwinter_dog_sacrifices_at_LBA_Krasnosamarskoe_Russia_and_traces_of_initiations_for_M%C3%A4nnerb%C3%BCnde_Paper_presented_at_the_seminar_Tracing_the_Indo-Europeans_Origin_and_migration_organized_by_Roots_of_Europe_--_Language_Culture_and_Migrations_University_of_Copenhagen_12--14_December_2012\" target=\"_blank\" rel=\"noopener\">Midwinter Dog Sacrifices at LBA Krasnosamarskoe, Russia And Traces of Initiations for <em>M\u00e4nnerb\u00fcnde<\/em><\/a>\u201d Paper presented,\u00a0 Conference: Tracing the Indo-European: Origin and migrations. Roots of Europe Research Center, University of Copenhagen, Denmark Dec 11 \u2013 13, 2012<\/p>\n<p style=\"text-align: left;\">Sharon J. Arbuthnot and Geraldine Parsons, eds., <em>The Gaelic Finn Tradition<\/em>, Dublin: Four Courts Press, 2012<\/p>\n<p style=\"text-align: left;\"><em>B\u00e9aloideas Iml<\/em>. 54\/55, (1986\/1987) &#8212; this issue of this journal has several excellent papers on the Fianna, including &#8220;Fenian Heroes and Their Rites of Passage&#8221; by Joseph Falaky Nagy, &#8220;<em>Fianaigecht<\/em> in the Pre-Norman Period&#8221; by Proinsias Mac Cana and &#8220;Magic Attributes of the Hero in Fenian Lore&#8221; by D\u00e1ith\u00ed \u00d3 h\u00d3g\u00e1in it can be found at <a href=\"http:\/\/www.jstor.org\/stable\/i20522277\" target=\"_blank\" rel=\"noopener\">JSTOR<\/a><\/p>\n<p style=\"text-align: left;\">Phillip Bernhardt-House, &#8220;<a href=\"https:\/\/www.academia.edu\/37921872\/Binding_the_Wolf_Leashing_the_Hound_Canid_Eschatologies_in_Irish_and_Norse_Myth\" target=\"_blank\" rel=\"noopener\">Binding the Wolf, Leashing the Hound: Canid Eschatologies in Irish and Norse Myth<\/a>,&#8221;<em>Studia Celtica Fennica XIV,\u00a0<\/em>Finnish Society for Celtic Studies, 2017<\/p>\n<p style=\"text-align: left;\">&#8212;&#8212;-, &#8220;<a href=\"https:\/\/www.academia.edu\/36845537\/Imbolc_A_New_Interpretation\" target=\"_blank\" rel=\"noopener\">Imbolc: A New Interpretation<\/a>,&#8221;\u00a0<em>Cosmos: The Yearbook of the Traditional Cosmology Society,<\/em> 18 (2005): pg. 57\u201376<\/p>\n<p style=\"text-align: left;\">&#8212;&#8212;&#8211;, \u201cWarriors, Words, and Wood: Oral and Literary Wisdom in the Exploits of Irish Mythological Warriors\u201d <a href=\"http:\/\/www.sfks.org\/Julkaisut.htm\" target=\"_blank\" rel=\"noopener\"><i>Studia Celtica Fennica<\/i><\/a> VI,\u00a0 Finnish Society for Celtic Studies, 2009<\/p>\n<p style=\"text-align: left;\">&#8212;&#8212;&#8212;,\u00a0<em>Werewolves, Magical Hounds and Dog-Headed Men in Celtic Literature: A Typological Study of Shape-Shifting,<\/em> Lewiston, NY: <a href=\"http:\/\/mellenpress.com\/mellenpress.cfm?bookid=8022&amp;pc=9\" target=\"_blank\" rel=\"noopener\">The Edwin Mellen Press<\/a>, 2010<\/p>\n<p style=\"text-align: left;\">John Carey, \u201cWerewolves in Medieval Ireland\u201d <em>Cambrian Medieval Celtic Studies, <\/em>Issue 44, 2002<\/p>\n<p style=\"text-align: left;\">Nora Chadwick, \u201c<i>Imbas Forosnai<\/i>\u201d <i>Scottish Gaelic Studies<\/i>, vol 4, part 2, Oxford University Press, 1935<\/p>\n<p style=\"text-align: left;\">Diana Dominguez, <em>Historical Residues in the Old Irish<\/em><i> Legends of Queen Medb: An Expanded Interpretation of the Ulster Cycle\u00a0 <\/i>Lewiston, NY: <a href=\"http:\/\/www.mellenpress.com\/mellenpress.cfm?bookid=8068&amp;pc=9\" target=\"_blank\" rel=\"noopener\">The Edwin Mellen Press<\/a>, 2010. <a href=\"http:\/\/www.dunsgathan.net\/feannog\/2011\/12\/15\/book-review-historical-residues-in-the-old-irish-legends-of-queen-medb-an-expanded-interpretation-of-the-ulster-cycle-by-diana-dominguez\/\" target=\"_blank\" rel=\"noopener\">See my review here<\/a><\/p>\n<p style=\"text-align: left;\"><span style=\"font-weight: 400;\">Flahive, Joseph J., <\/span><i><span style=\"font-weight: 400;\">The Fenian Cycle in Irish and Scots-Gaelic Literature<\/span><\/i><span style=\"font-weight: 400;\">, Cork Studies in Celtic Literatures 1, Cork: Cork University Press, 2017<\/span><\/p>\n<p style=\"text-align: left;\">Daniel Gershenson,\u00a0 <i>Apollo The Wolf-God<\/i>,\u00a0 <em>Journal <\/em><em>of <\/em><em>Indo-European <\/em><em>Studies, Monograph No. 8<\/em>., Washington D.C.: Institute for the Study of Man Inc., 1992<\/p>\n<p style=\"text-align: left;\">Kris Kershaw, <em>The <\/em><em>One-eyed God: <\/em><em>Odin <\/em><em>and <\/em><em>the <\/em><em>(Indo-) Germanic M\u00e4nnerb\u00fcnde<\/em>, <em>Journal <\/em><em>of <\/em><em>Indo-European <\/em><em>Studies, Monograph No. 36<\/em>., Washington D.C.: Institute for the Study of Man Inc., 2000<\/p>\n<p style=\"text-align: left;\">Kim McCone, \u201cAided Cheltchair Maic Uthechair: Hounds, Heroes and Hospitallers in Early Irish Myth and Story.\u201d<i> \u00c9riu<\/i> 35, 1984 at <a href=\"http:\/\/www.jstor.org\/stable\/30007775\" target=\"_blank\" rel=\"noopener\">JSTOR<\/a><\/p>\n<p style=\"text-align: left;\">&#8212;&#8212;-, \u201cVaria II.\u201d <i>\u00c9riu <\/i>36, 1985 at <a href=\"http:\/\/www.jstor.org\/stable\/30007803\" target=\"_blank\" rel=\"noopener\">JSTOR<\/a><\/p>\n<p style=\"text-align: left;\">&#8212;&#8212;-, \u201cWerewolves, Cyclopes, <em>D\u00edberga<\/em> and <em>F\u00edanna<\/em>: Juvenile Delinquency in Early Ireland\u201d <em>Cambridge Medieval Celtic Studies<\/em>, issue 12, 1986<\/p>\n<p style=\"text-align: left;\">Joseph Falaky Nagy. <em>The Wisdom of the Outlaw: The Boyhood Deeds of Finn in Gaelic Narrative Tradition,<\/em> Berkeley: University of California Press, 1985<\/p>\n<p style=\"text-align: left;\">J. R. Reinhard and V. E. Hull, \u201cBran and Sceolang,\u201d <i>Speculum<\/i> 11, 1936 at <a href=\"http:\/\/www.jstor.org\/stable\/2846874\" target=\"_blank\" rel=\"noopener\">JSTOR<\/a><\/p>\n<p style=\"text-align: left;\">R.F.M. Schiphorst, <a href=\"https:\/\/dspace.library.uu.nl\/handle\/1874\/336822\" target=\"_blank\" rel=\"noopener\">\u201cThe hound\/wolf and warrior in Irish literature: A narratological and semiotic analysis of the <i>Acallam na Sen\u00f3rach<\/i>,\u201d<\/a> BA thesis Utrecht University, 2016<\/p>\n<p style=\"text-align: left;\">Richard Sharpe, \u201cHiberno-Latin <i>Laicus<\/i>, Irish <i>L\u00e1ech<\/i> and the Devil&#8217;s Men,\u201d <i>\u00c9riu<\/i>\u00a0 30, 1979 at <a href=\"http:\/\/www.jstor.org\/stable\/30007681\" target=\"_blank\" rel=\"noopener\">JSTOR<\/a><\/p>\n<p style=\"text-align: left;\">Michael P. Speidel, \u201cBerserks: A History of Indo-European \u2018Mad Warriors,\u2019&#8221;<i> Journal of World History<\/i> Vol. 13, No. 2 (Fall, 2002)<\/p>\n<p style=\"text-align: left;\">M\u00e1ire West, <a href=\"http:\/\/www.deepdyve.com\/lp\/de-gruyter\/aspects-of-d-berg-in-the-tale-togail-bruidne-da-derga-boUts4jGY8\" target=\"_blank\" rel=\"noopener\">&#8220;Aspects of<i> D\u00edberg<\/i> in the Tale <i>Togail Bruidne Da Derga<\/i>,&#8221;<\/a>\u00a0<i> Zeitschrift f\u00fcr celtische Philologie (ZcP)<\/i>, Volume 49-50<\/p>\n<p style=\"text-align: left;\">Camilla Michelle With Penderson, <a href=\"http:\/\/eprints.maynoothuniversity.ie\/6510\/\" target=\"_blank\" rel=\"noopener\">&#8220;Metamorphoses: a Comparative Study of Representations of Shape-Shifting in Old Norse and Medieval Irish Narrative Literature,&#8221;<\/a> Masters thesis, National University of Ireland Maynooth., 2015<\/p>\n<h3 style=\"text-align: left;\"><a name=\"Fianna\"><\/a>F\u00edanna in Literature<\/h3>\n<p style=\"text-align: left;\">John Gregorson Campbell, <em>The Fians: or Stories, Poems &amp; Traditions of Fionn and His Warrior Band<\/em>, Elibron Classics, 2005 (org. pub. Date 1891)\u00a0 original edition <a href=\"http:\/\/www.dunsgathan.net\/feannog\/fennidecht-training-index\/\" target=\"_blank\" rel=\"noopener\">can be found online <\/a><\/p>\n<p style=\"text-align: left;\">Anne Dooley and Harry Roe, trans., <em>Tales of the Elders of Ireland: a new translation of Acallamh na Sen\u00f3rach<\/em>, Oxford: Oxford University Press, 1999 (This is my favorite translation. However, Standish Hayes O&#8217;Grady&#8217;s partial translation is available online \u201c<a href=\"http:\/\/www.yorku.ca\/inpar\/colloquy_ogrady.pdf\" target=\"_blank\" rel=\"noopener\">The Colloquy of the Ancients<\/a>,\u201d <i>Medieval Irish Series<\/i>, Cambridge, 1999 and the Irish as well as translations of parts O&#8217;Grady did not translate can now be found at Whitley Stokes, ed. <a href=\"https:\/\/play.google.com\/store\/books\/details?id=tqRqtslG4ngC\" target=\"_blank\" rel=\"noopener\"><i>Acallamh na Sen\u00f3rach I<\/i><\/a> Stokes &amp; E. Windisch, ed., <i>Irische Texte<\/i> vol 4 part 1, 1900)<\/p>\n<p style=\"text-align: left;\">Kuno Meyer, ed., <i>\u201c<a href=\"https:\/\/archive.org\/details\/revueceltique05pari\" target=\"_blank\" rel=\"noopener\">Macgnimartha Find<\/a><\/i>,\u201d <i>Revue Celtique 5<\/i>, 1881 (the Irish, see next listing for translations)<\/p>\n<p style=\"text-align: left;\">&#8212;&#8212;-ed. and trans., \u201c<a href=\"https:\/\/play.google.com\/store\/books\/details?id=i2DwAAAAMAAJ\" target=\"_blank\" rel=\"noopener\">The Boyish Exploits of Finn<\/a>,\u201d <i>\u00c9riu 1<\/i>, 1904 (the translations of the above)<\/p>\n<p style=\"text-align: left;\">&#8212;&#8212;-ed. &amp; trans., <a href=\"http:\/\/archive.org\/details\/fianaigechtbeing00meye\" target=\"_blank\" rel=\"noopener\"><i>Fianaigecht<\/i><\/a>, Dublin, Ireland: Hodges, Figgis &amp; Co., 1910<\/p>\n<p style=\"text-align: left;\">Gerard Murphy, ed. and trans., <a href=\"https:\/\/archive.org\/details\/duanairefinnbook07macnuoft\" target=\"_blank\" rel=\"noopener\"><em>Duanaire Finn: The Book of the Lays of Finn<\/em> Vol. I<\/a>, London: Irish Texts Society, 1908<\/p>\n<p style=\"text-align: left;\">&#8212;&#8211;<a href=\"https:\/\/archive.org\/details\/duanairefinnbook02murpuoft\" target=\"_blank\" rel=\"noopener\"><em>Duanaire Finn: The Book of the Lays of Finn<\/em> Vol. II<\/a>, London: Irish Texts Society, 1933<\/p>\n<p>&#8212;&#8212;<a href=\"https:\/\/archive.org\/details\/duanairefinnbook03murpuoft\" target=\"_blank\" rel=\"noopener\"><em>Duanaire Finn: The Book of the Lays of Finn<\/em><i> Vol. III<\/i><\/a>, London: Irish Texts Society, 1953<\/p>\n<h3 style=\"text-align: left;\"><a name=\"Pagan_Writings\"><\/a>Pagan Writings<\/h3>\n<p style=\"text-align: left;\"><a href=\"https:\/\/celticscholar.wordpress.com\/2010\/05\/03\/an-morrigan-war-goddess-and-more\/\" target=\"_blank\" rel=\"noopener\">&#8220;An Morr\u00edgan: War Goddess and More&#8221;<\/a>\u00a0 by Maya St.Clair -Another Polytheist&#8217;s Essay on one of the War Goddesses<\/p>\n<p><a href=\"http:\/\/faoladh.blogspot.com\/\" target=\"_blank\" rel=\"noopener\">A Wolf-Man, Not a Wolf in Man&#8217;s Clothing<\/a> -especially focused on the lycanthropic aspects of the path<\/p>\n<p><a href=\"http:\/\/www.gentlidecht.com\/\" target=\"_blank\" rel=\"noopener\">Trials of a F\u00e9innid<\/a> &#8211; another exploration of f\u00e9nnidecht<\/p>\n<h3 style=\"text-align: left;\">Cross-cultural and <a name=\"Modern\"><\/a>Modern Warrior Path Resources<\/h3>\n<p style=\"text-align: left;\">John Carman and Anthony Harding, eds. <em>Ancient Warfare: Archaeological Perspectives<\/em>, Gloustershire: Sutton Publishing, 2004<\/p>\n<p style=\"text-align: left;\">Rick Fields,ed. <em>The Awakened Warrior<\/em>, New York: Putnam Book 1994<\/p>\n<p style=\"text-align: left;\">Joshua S. Goldstein, <em>War and Gender: How Gender Shapes the War System and Vice Versa<\/em>, Cambridge, UK: Cambridge University Press, 2001<\/p>\n<p style=\"text-align: left;\">Sun Tzu <em>The Art of War<\/em><\/p>\n<h3 style=\"text-align: left;\"><a name=\"Physical_Feminism\"><\/a>Physical Feminism and Gender Issues<\/h3>\n<p style=\"text-align: left;\">Jeannine Davis-Kimball, Ph.D with Mona Behan. <i>Warrior Women: An Archaeologist&#8217;s Search for History&#8217;s Hidden Heroines<\/i>, New York: Warner Books, 2002 See my review here<\/p>\n<p style=\"text-align: left;\">Collette Dowling,\u00a0 <i>The Frailty Myth: Redefining the Physical Potential of Women and Girls<\/i>, New York: Random House, 2001 See my review here<\/p>\n<p style=\"text-align: left;\">Shari L. Dworkin and Fay Linda Wach,\u00a0 <i>Body Panic: Gender Health and the Selling of Fitness<\/i>, New York : NYU Press, 2009<\/p>\n<p style=\"text-align: left;\" align=\"left\">Shari L. Dworkin and Leslie Heywood, <em>Built to Win: the female Athlete as Cultural Icon<\/em>, Minneapolis: University of Minnesota Press, 2003<\/p>\n<p style=\"text-align: left;\">Cynthia Eller, <em>The Myth of Matriarchy: Why an Invented Past Won&#8217;t Give Women a Future<\/em>, Boston: Beacon Press, 2000<\/p>\n<p>Leslie Heywood, <em>Bodymakers: A Cultural Anatomy of Women&#8217;s Body Building<\/em>, New Brunswick: Rutgers University Press, 1998<\/p>\n<p style=\"text-align: left;\">Abby Wettan Kleinbaum, <em>The War Against the Amazons<\/em>, New York: New Press\/MacGraw-Hill Book Company, 1983<\/p>\n<p style=\"text-align: left;\">Katheryn M. Linduff and Karen S. Rubinson, eds. <em>Are All Warriors Male? Gender Roles on the Ancient Eurasian Steppe<\/em>, Lanham: AltaMira Press, 2008<\/p>\n<p style=\"text-align: left;\">Martha McCaughey, <i>Real Knockouts: The Physical Feminism of Women&#8217;s Self-Defense<\/i>,\u00a0 NY: New York University Press, 1997<\/p>\n<p style=\"text-align: left;\">Ellen Snortland, <em>Beauty Bites Beast: Awakening the Warrior Within Women and Girls<\/em>,\u00a0 Trilogy Books, 1998<\/p>\n<p>Mary Zeiss Stange,\u00a0<em> Woman the Hunter<\/em>, Boston: Beacon Press, 1997<\/p>\n<p style=\"text-align: left;\">Carol A. Wiley, ed.<em> Women in the Martial Arts<\/em>, North Atlantic Books, 1992<\/p>\n<p><img loading=\"lazy\" class=\"aligncenter wp-image-52 size-full\" src=\"http:\/\/www.dunsgathan.net\/feannog\/wp-content\/uploads\/2018\/08\/wolfrsm.jpg\" alt=\"Wolf based on Newbigging Leslie stone sketch copyright \u00a9 2002 Aaron Miller\" width=\"145\" height=\"110\" \/><\/p>\n","protected":false},"excerpt":{"rendered":"<p>Irish Literature featuring the War Goddesses\u00a0 |\u00a0Books and Papers on Gaelic and I-E Warriors\u00a0 |\u00a0F\u00edanna in Literature\u00a0 |\u00a0Pagan Writings\u00a0 |\u00a0Cross-cultural\/Modern Warrior\u00a0 |\u00a0Physical Feminism and Gender Issues If you happen to be looking for my own writings on the subject they are listed on the index page Preliminary\u00a0Reading for those New to Celtic\/Gaelic Reconstructionist Paganism A [&hellip;]<\/p>\n","protected":false},"author":1,"featured_media":0,"parent":152,"menu_order":0,"comment_status":"closed","ping_status":"closed","template":"","meta":{"spay_email":""},"jetpack_sharing_enabled":true,"jetpack_shortlink":"https:\/\/wp.me\/Pad6Py-2j","_links":{"self":[{"href":"https:\/\/www.dunsgathan.net\/feannog\/wp-json\/wp\/v2\/pages\/143"}],"collection":[{"href":"https:\/\/www.dunsgathan.net\/feannog\/wp-json\/wp\/v2\/pages"}],"about":[{"href":"https:\/\/www.dunsgathan.net\/feannog\/wp-json\/wp\/v2\/types\/page"}],"author":[{"embeddable":true,"href":"https:\/\/www.dunsgathan.net\/feannog\/wp-json\/wp\/v2\/users\/1"}],"replies":[{"embeddable":true,"href":"https:\/\/www.dunsgathan.net\/feannog\/wp-json\/wp\/v2\/comments?post=143"}],"version-history":[{"count":10,"href":"https:\/\/www.dunsgathan.net\/feannog\/wp-json\/wp\/v2\/pages\/143\/revisions"}],"predecessor-version":[{"id":1256,"href":"https:\/\/www.dunsgathan.net\/feannog\/wp-json\/wp\/v2\/pages\/143\/revisions\/1256"}],"up":[{"embeddable":true,"href":"https:\/\/www.dunsgathan.net\/feannog\/wp-json\/wp\/v2\/pages\/152"}],"wp:attachment":[{"href":"https:\/\/www.dunsgathan.net\/feannog\/wp-json\/wp\/v2\/media?parent=143"}],"curies":[{"name":"wp","href":"https:\/\/api.w.org\/{rel}","templated":true}]}}